{"id":10652,"date":"2026-03-27T10:33:03","date_gmt":"2026-03-27T15:33:03","guid":{"rendered":"http:\/\/sempitalito.gov.co\/web\/?page_id=10652"},"modified":"2026-04-27T14:32:48","modified_gmt":"2026-04-27T19:32:48","slug":"estructura-organizacional","status":"publish","type":"page","link":"http:\/\/sempitalito.gov.co\/web\/estructura-organizacional\/","title":{"rendered":"Estructura Organizacional"},"content":{"rendered":"\t\t<div data-elementor-type=\"wp-page\" data-elementor-id=\"10652\" class=\"elementor elementor-10652\">\n\t\t\t\t<div class=\"elementor-element elementor-element-d6a9169 e-flex e-con-boxed e-con e-parent\" data-id=\"d6a9169\" data-element_type=\"container\" data-e-type=\"container\">\n\t\t\t\t\t<div class=\"e-con-inner\">\n\t\t\r\n\r\n\t\t<div class=\"elementor-element elementor-element-7521b51 elementor-widget elementor-widget-elementor-news-ticker\" data-id=\"7521b51\" data-element_type=\"widget\" data-e-type=\"widget\" data-widget_type=\"elementor-news-ticker.default\">\n\t\t\t\t<div class=\"elementor-widget-container\">\n\t\t\t\t\t\t\t<div class=\"news-ticker-wrap\">\t\t\t\t\t\t\t<div class=\"news-ticker-label\">\n\t\t\t\t   <span class=\"news-ticker-icon\">\n\t\t\t\t\t\t                        \n\t\t\t\t\t\t\t   <svg aria-hidden=\"true\" class=\"e-font-icon-svg e-fas-info\" viewBox=\"0 0 192 512\" xmlns=\"http:\/\/www.w3.org\/2000\/svg\"><path d=\"M20 424.229h20V279.771H20c-11.046 0-20-8.954-20-20V212c0-11.046 8.954-20 20-20h112c11.046 0 20 8.954 20 20v212.229h20c11.046 0 20 8.954 20 20V492c0 11.046-8.954 20-20 20H20c-11.046 0-20-8.954-20-20v-47.771c0-11.046 8.954-20 20-20zM96 0C56.235 0 24 32.235 24 72s32.235 72 72 72 72-32.235 72-72S135.764 0 96 0z\"><\/path><\/svg>                     \n\t\t\t\t\t\t\t\t\t\t\t<\/span>\t\n\t\t\t\t   AVISOS Y CONVOCATORIAS\t\t\t\t<\/div>\n\t         \n\t\t\t<div class=\"fd-elementor-news-ticker\" id=\"fd-ticker-7521b51\" data-speed=\"56\">\n\t\t\t\t\t\t\t\t<a  class=\"top-heading news-item-7521b51\" href=\"http:\/\/sempitalito.gov.co\/web\/2026\/04\/14\/convocatoria-09-2026-encargo-profesional-universitario\/\"> Convocatoria 09 2026 Encargo Profesional Universitario<\/a>\n\t\t            \t\t\t\t\t\t<span class=\"news-item-7521b51 sep_icon\">\n\t\t\t\t\t\t <svg aria-hidden=\"true\" class=\"e-font-icon-svg e-fa-circle\" viewBox=\"0 0 512 512\" xmlns=\"http:\/\/www.w3.org\/2000\/svg\"><path d=\"M256 8C119 8 8 119 8 256s111 248 248 248 248-111 248-248S393 8 256 8z\"><\/path><\/svg>\t\n\t\t\t\t\t\t<\/span>                      \t\n\t\t\t\t\t\t\t\t\t\t<a  class=\"top-heading news-item-7521b51\" href=\"http:\/\/sempitalito.gov.co\/web\/2026\/03\/31\/listado-de-educadores-en-esta-de-aprobacion-y-no-aprobacion\/\"> Listado de Educadores en esta de Aprobaci\u00f3n y no Aprobaci\u00f3n<\/a>\n\t\t            \t\t\t\t\t\t<span class=\"news-item-7521b51 sep_icon\">\n\t\t\t\t\t\t <svg aria-hidden=\"true\" class=\"e-font-icon-svg e-fa-circle\" viewBox=\"0 0 512 512\" xmlns=\"http:\/\/www.w3.org\/2000\/svg\"><path d=\"M256 8C119 8 8 119 8 256s111 248 248 248 248-111 248-248S393 8 256 8z\"><\/path><\/svg>\t\n\t\t\t\t\t\t<\/span>                      \t\n\t\t\t\t\t\t\t\t\t\t<a  class=\"top-heading news-item-7521b51\" href=\"http:\/\/sempitalito.gov.co\/web\/2026\/03\/27\/convocatoria-05-2026-encargo-coordinador-i-e-m-palmarito\/\"> Convocatoria 05 2026 &#8211; Encargo Coordinador I.E.M Palmarito<\/a>\n\t\t            \t\t\t\t\t\t<span class=\"news-item-7521b51 sep_icon\">\n\t\t\t\t\t\t <svg aria-hidden=\"true\" class=\"e-font-icon-svg e-fa-circle\" viewBox=\"0 0 512 512\" xmlns=\"http:\/\/www.w3.org\/2000\/svg\"><path d=\"M256 8C119 8 8 119 8 256s111 248 248 248 248-111 248-248S393 8 256 8z\"><\/path><\/svg>\t\n\t\t\t\t\t\t<\/span>                      \t\n\t\t\t\t\t\t\t\t\t\t<a  class=\"top-heading news-item-7521b51\" href=\"http:\/\/sempitalito.gov.co\/web\/2026\/03\/27\/convocatoria-04-2026-encargo-tecnico-administrativo\/\"> Convocatoria 04 2026 &#8211; Encargo T\u00e9cnico Administrativo<\/a>\n\t\t            \t\t\t\t\t\t<span class=\"news-item-7521b51 sep_icon\">\n\t\t\t\t\t\t <svg aria-hidden=\"true\" class=\"e-font-icon-svg e-fa-circle\" viewBox=\"0 0 512 512\" xmlns=\"http:\/\/www.w3.org\/2000\/svg\"><path d=\"M256 8C119 8 8 119 8 256s111 248 248 248 248-111 248-248S393 8 256 8z\"><\/path><\/svg>\t\n\t\t\t\t\t\t<\/span>                      \t\n\t\t\t\t\t\t\t\t\t\t<a  class=\"top-heading news-item-7521b51\" href=\"http:\/\/sempitalito.gov.co\/web\/2026\/03\/27\/acta-01-convocatoria-docente-de-aceleracion-2026\/\"> Acta 01 convocatoria docente de Aceleraci\u00f3n 2026<\/a>\n\t\t            \t\t\t\t\t\t<span class=\"news-item-7521b51 sep_icon\">\n\t\t\t\t\t\t <svg aria-hidden=\"true\" class=\"e-font-icon-svg e-fa-circle\" viewBox=\"0 0 512 512\" xmlns=\"http:\/\/www.w3.org\/2000\/svg\"><path d=\"M256 8C119 8 8 119 8 256s111 248 248 248 248-111 248-248S393 8 256 8z\"><\/path><\/svg>\t\n\t\t\t\t\t\t<\/span>                      \t\n\t\t\t\t\t\t\t\t\t\t<a  class=\"top-heading news-item-7521b51\" href=\"http:\/\/sempitalito.gov.co\/web\/2026\/03\/27\/respuesta-reclamaciones-convocatoria-03-de-2026\/\"> Respuesta reclamaciones convocatoria 03 de 2026<\/a>\n\t\t            \t\t\t\t\t\t<span class=\"news-item-7521b51 sep_icon\">\n\t\t\t\t\t\t <svg aria-hidden=\"true\" class=\"e-font-icon-svg e-fa-circle\" viewBox=\"0 0 512 512\" xmlns=\"http:\/\/www.w3.org\/2000\/svg\"><path d=\"M256 8C119 8 8 119 8 256s111 248 248 248 248-111 248-248S393 8 256 8z\"><\/path><\/svg>\t\n\t\t\t\t\t\t<\/span>                      \t\n\t\t\t\t\t\t\t\t<\/div>\t\t\t\n        <\/div>\n        \t\t<script>\n\t\t\tjQuery(document).ready(function($) {\n\t\t\t\tjQuery(\"#fd-ticker-7521b51\").ticker({\n\t\t\t\t\tspeed:56,\n\t\t\t\t\tpauseOnHover:!0,\n\t\t\t\t\titem:\".news-item-7521b51\"\n\t\t\t\t}).data(\"ticker\");\n\t\t\t}); \n\t\t<\/script>\n\t\t\t\t\t\t<\/div>\n\t\t\t\t<\/div>\n\t\t\t\t\t<\/div>\n\t\t\t\t<\/div>\n\t\t\t\t<section class=\"elementor-section elementor-top-section elementor-element elementor-element-a38f9b4 elementor-section-full_width elementor-section-height-default elementor-section-height-default\" data-id=\"a38f9b4\" data-element_type=\"section\" data-e-type=\"section\">\n\t\t\t\t\t\t<div class=\"elementor-container elementor-column-gap-no\">\n\t\t\t\t\t<div class=\"elementor-column elementor-col-100 elementor-top-column elementor-element elementor-element-27a0b88\" data-id=\"27a0b88\" data-element_type=\"column\" data-e-type=\"column\">\n\t\t\t<div class=\"elementor-widget-wrap elementor-element-populated\">\n\t\t\t\t\t\t<div class=\"shape-mockup elementor-element elementor-element-f4cb028 elementor-widget elementor-widget-edurashapeimage\" data-id=\"f4cb028\" data-element_type=\"widget\" data-e-type=\"widget\" data-widget_type=\"edurashapeimage.default\">\n\t\t\t\t<div class=\"elementor-widget-container\">\n\t\t\t\t\t<div class=\"shape-mockup jump   why-shape-1\" data-top=\"10%\" data-left=\"7%\"><img decoding=\"async\" src=\"http:\/\/sempitalito.gov.co\/web\/wp-content\/uploads\/2025\/12\/about_1_shape1-1.png\" alt=\"Secretaria de Educaci\u00f3n\" ><\/div>\t\t\t\t<\/div>\n\t\t\t\t<\/div>\n\t\t\t\t<div class=\"elementor-element elementor-element-abb4e0c elementor-widget elementor-widget-text-editor\" data-id=\"abb4e0c\" data-element_type=\"widget\" data-e-type=\"widget\" data-widget_type=\"text-editor.default\">\n\t\t\t\t<div class=\"elementor-widget-container\">\n\t\t\t\t\t\t\t\t\t<div class=\"shape-mockup why-shape-2\" data-bg-src=\"https:\/\/themeholy.com\/wordpress\/edura\/wp-content\/uploads\/2023\/07\/wcu_1_shape1.png\">\u00a0<\/div>\t\t\t\t\t\t\t\t<\/div>\n\t\t\t\t<\/div>\n\t\t\t\t<section class=\"elementor-section elementor-inner-section elementor-element elementor-element-bb9c2f1 elementor-section-boxed elementor-section-height-default elementor-section-height-default\" data-id=\"bb9c2f1\" data-element_type=\"section\" data-e-type=\"section\">\n\t\t\t\t\t\t<div class=\"elementor-container elementor-column-gap-no\">\n\t\t\t\t\t<div class=\"elementor-column elementor-col-100 elementor-inner-column elementor-element elementor-element-5f52902\" data-id=\"5f52902\" data-element_type=\"column\" data-e-type=\"column\">\n\t\t\t<div class=\"elementor-widget-wrap elementor-element-populated\">\n\t\t\t\t\t\t<div class=\"elementor-element elementor-element-0ee6fb6 elementor-widget elementor-widget-heading\" data-id=\"0ee6fb6\" data-element_type=\"widget\" data-e-type=\"widget\" data-widget_type=\"heading.default\">\n\t\t\t\t<div class=\"elementor-widget-container\">\n\t\t\t\t\t<h1 class=\"elementor-heading-title elementor-size-default\">ESTRUCTURA ORGANIZACIONAL<\/h1>\t\t\t\t<\/div>\n\t\t\t\t<\/div>\n\t\t\t\t<div class=\"elementor-element elementor-element-aacd705 elementor-widget elementor-widget-text-editor\" data-id=\"aacd705\" data-element_type=\"widget\" data-e-type=\"widget\" data-widget_type=\"text-editor.default\">\n\t\t\t\t<div class=\"elementor-widget-container\">\n\t\t\t\t\t\t\t\t\t<img fetchpriority=\"high\" decoding=\"async\" class=\"aligncenter wp-image-10654 size-full\" src=\"http:\/\/sempitalito.gov.co\/web\/wp-content\/uploads\/2026\/03\/organigrama.png\" alt=\"\" width=\"749\" height=\"693\" \/>\t\t\t\t\t\t\t\t<\/div>\n\t\t\t\t<\/div>\n\t\t\t\t\t<\/div>\n\t\t<\/div>\n\t\t\t\t\t<\/div>\n\t\t<\/section>\n\t\t\t\t\t<\/div>\n\t\t<\/div>\n\t\t\t\t\t<\/div>\n\t\t<\/section>\n\t\t\t\t<section class=\"elementor-section elementor-top-section elementor-element elementor-element-77508f6 elementor-section-full_width footer-wrapper footer-layout1 elementor-section-height-default elementor-section-height-default\" data-id=\"77508f6\" data-element_type=\"section\" data-e-type=\"section\" data-settings=\"{&quot;background_background&quot;:&quot;classic&quot;}\">\n\t\t\t\t\t\t<div class=\"elementor-container elementor-column-gap-no\">\n\t\t\t\t\t<div class=\"elementor-column elementor-col-100 elementor-top-column elementor-element elementor-element-4f459a2\" data-id=\"4f459a2\" data-element_type=\"column\" data-e-type=\"column\">\n\t\t\t<div class=\"elementor-widget-wrap elementor-element-populated\">\n\t\t\t\t\t\t<section class=\"elementor-section elementor-inner-section elementor-element elementor-element-83bbb0b footer-wrap elementor-section-boxed elementor-section-height-default elementor-section-height-default\" data-id=\"83bbb0b\" data-element_type=\"section\" data-e-type=\"section\" data-settings=\"{&quot;background_background&quot;:&quot;classic&quot;}\">\n\t\t\t\t\t\t<div class=\"elementor-container elementor-column-gap-no\">\n\t\t\t\t\t<div class=\"elementor-column elementor-col-100 elementor-inner-column elementor-element elementor-element-ea2cd1f\" data-id=\"ea2cd1f\" data-element_type=\"column\" data-e-type=\"column\">\n\t\t\t<div class=\"elementor-widget-wrap elementor-element-populated\">\n\t\t\t\t\t\t<section class=\"elementor-section elementor-inner-section elementor-element elementor-element-00504cd elementor-section-boxed elementor-section-height-default elementor-section-height-default\" data-id=\"00504cd\" data-element_type=\"section\" data-e-type=\"section\" data-settings=\"{&quot;background_background&quot;:&quot;classic&quot;}\">\n\t\t\t\t\t\t<div class=\"elementor-container elementor-column-gap-no\">\n\t\t\t\t\t<div class=\"elementor-column elementor-col-100 elementor-inner-column elementor-element elementor-element-b7e0bcb widget footer-widget\" data-id=\"b7e0bcb\" data-element_type=\"column\" data-e-type=\"column\">\n\t\t\t<div class=\"elementor-widget-wrap elementor-element-populated\">\n\t\t\t\t\t\t<div class=\"elementor-element elementor-element-f0c7568 elementor-widget__width-initial elementor-widget elementor-widget-eduraaboutinfo\" data-id=\"f0c7568\" data-element_type=\"widget\" data-e-type=\"widget\" data-widget_type=\"eduraaboutinfo.default\">\n\t\t\t\t<div class=\"elementor-widget-container\">\n\t\t\t\t\t\r\n                    <div class=\"th-widget-about\">\r\n                <div class=\"about-logo\">\r\n                    <a href=\"#\">\r\n                       <img decoding=\"async\" src=\"http:\/\/sempitalito.gov.co\/web\/wp-content\/uploads\/2026\/03\/logo-semp-PIE.png\" alt=\"logo semp PIE\"  \/>                    <\/a>\r\n                <\/div>\r\n                <p class=\"about-text th-desc\">\u00a9 2026 Secretar\u00eda de Educaci\u00f3n Municipal de Pitalito - Huila Carrera 3 No. 4-78 Centro Administrativo Municipal - LA CHAPOLERA. Tel\u00e9fono: 3183507741 - Correo electr\u00f3nico: secretaria.educacion@sempitalito.gov.co Horario de atenci\u00f3n: Lunes a jueves 7:30 a.m a 12 m y de 2:00 p.m a 5 p.m - viernes hasta la 4:00 p.m<\/p>\r\n                <div class=\"th-social\">\r\n                    <h6 class=\"title text-white th-title\">SIGUENOS:<\/h6>\r\n\t\t\t\t\t\t\t\t\t\t\t<a  target=&quot;_blank&quot; href=\"#\"><i class=\"fab fa-instagram\"><\/i><\/a>\r\n\t\t\t\t\t\t\t\t\t\t\t<a  target=&quot;_blank&quot; href=\"#\"><i class=\"fab fa-facebook-f\"><\/i><\/a>\r\n\t\t\t\t\t\t\t\t\t<\/div>\r\n            <\/div>\r\n\r\n\t\t\t\t\t\t<\/div>\n\t\t\t\t<\/div>\n\t\t\t\t\t<\/div>\n\t\t<\/div>\n\t\t\t\t\t<\/div>\n\t\t<\/section>\n\t\t\t\t\t<\/div>\n\t\t<\/div>\n\t\t\t\t\t<\/div>\n\t\t<\/section>\n\t\t\t\t<div class=\"shape-mockup elementor-element elementor-element-d4c1417 elementor-widget elementor-widget-edurashapeimage\" data-id=\"d4c1417\" data-element_type=\"widget\" data-e-type=\"widget\" data-widget_type=\"edurashapeimage.default\">\n\t\t\t\t<div class=\"elementor-widget-container\">\n\t\t\t\t\t<div class=\"shape-mockup jump-reverse  footer-shape2\" data-bottom=\"120px\" data-right=\"80px\"><img decoding=\"async\" src=\"http:\/\/sempitalito.gov.co\/web\/wp-content\/uploads\/2025\/12\/footer-bg-shape2.png\" alt=\"Secretaria de Educaci\u00f3n\" ><\/div>\t\t\t\t<\/div>\n\t\t\t\t<\/div>\n\t\t\t\t\t<\/div>\n\t\t<\/div>\n\t\t\t\t\t<\/div>\n\t\t<\/section>\n\t\t\t\t<\/div>\n\t\t","protected":false},"excerpt":{"rendered":"<p>AVISOS Y CONVOCATORIAS Convocatoria 09 2026 Encargo Profesional Universitario Listado de Educadores en esta de Aprobaci\u00f3n y no Aprobaci\u00f3n Convocatoria&#8230;<\/p>\n","protected":false},"author":2,"featured_media":0,"parent":0,"menu_order":0,"comment_status":"closed","ping_status":"closed","template":"template-builder.php","meta":{"footnotes":""},"class_list":["post-10652","page","type-page","status-publish","hentry","th-blog blog-single"],"_links":{"self":[{"href":"http:\/\/sempitalito.gov.co\/web\/wp-json\/wp\/v2\/pages\/10652","targetHints":{"allow":["GET"]}}],"collection":[{"href":"http:\/\/sempitalito.gov.co\/web\/wp-json\/wp\/v2\/pages"}],"about":[{"href":"http:\/\/sempitalito.gov.co\/web\/wp-json\/wp\/v2\/types\/page"}],"author":[{"embeddable":true,"href":"http:\/\/sempitalito.gov.co\/web\/wp-json\/wp\/v2\/users\/2"}],"replies":[{"embeddable":true,"href":"http:\/\/sempitalito.gov.co\/web\/wp-json\/wp\/v2\/comments?post=10652"}],"version-history":[{"count":16,"href":"http:\/\/sempitalito.gov.co\/web\/wp-json\/wp\/v2\/pages\/10652\/revisions"}],"predecessor-version":[{"id":11002,"href":"http:\/\/sempitalito.gov.co\/web\/wp-json\/wp\/v2\/pages\/10652\/revisions\/11002"}],"wp:attachment":[{"href":"http:\/\/sempitalito.gov.co\/web\/wp-json\/wp\/v2\/media?parent=10652"}],"curies":[{"name":"wp","href":"https:\/\/api.w.org\/{rel}","templated":true}]}}